{"id":9,"date":"2019-07-15T19:13:56","date_gmt":"2019-07-15T17:13:56","guid":{"rendered":"http:\/\/howoui-planet.fr\/?page_id=9"},"modified":"2019-08-26T01:52:28","modified_gmt":"2019-08-25T23:52:28","slug":"a-propos-de","status":"publish","type":"page","link":"https:\/\/howoui-planet.fr\/?page_id=9","title":{"rendered":"\u00c0 propos de"},"content":{"rendered":"<p>Alors voil\u00e0\u2026quand tu dis\u2026on part faire un tour du monde\u2026tout le monde te r\u00e9ponds \u00ab\u00a0wouah\u2026vous faites un blog qu\u2019on vous suive ?\u00a0\u00bb\u2026<\/p>\n<p>Alors au d\u00e9but tu te dis, \u00ab Non mais s\u00e9rieux, tu crois vraiment qu\u2019ils vont se faire plaisir \u00e0 mater ton p\u00e9riple \u00e0 travers les pays, confortable dans leur canap\u00e9 alors que demain ils bossent, pendant que toi tu kiff un r\u00eave d\u2019enfance\u2026 ? \u00bb.<\/p>\n<p>Puis apr\u00e8s, ta famille, tes proches, il te font bien comprendre que bon, avoir des nouvelles c\u2019est bien\u2026et puis toi tu te dis, bon allez, y\u2019en a peut-\u00eatre quelques-uns qui seront content d\u2019avoir aussi de tes news, et pour toi, \u00e7a te laisse ton album souvenir\u2026et puis au final, un voyage au tour du monde, \u00e7a co\u00fbte pas plus cher que de rester \u00e0 glander en France si tu choisis bien tes pays\u2026donc si on veut s\u2019en donner les moyens\u2026c\u2019est abordable \u00e0 tous !<\/p>\n<p>Tous \u00e7\u00e0 pour dire, le voil\u00e0, c\u2019est le blog\u2026<\/p>\n","protected":false},"excerpt":{"rendered":"<p>Alors voil\u00e0\u2026quand tu dis\u2026on part faire un tour du monde\u2026tout le monde te r\u00e9ponds \u00ab\u00a0wouah\u2026vous faites un blog qu\u2019on vous suive ?\u00a0\u00bb\u2026 Alors au d\u00e9but tu te dis, \u00ab Non mais s\u00e9rieux, tu crois vraiment qu\u2019ils vont se faire plaisir \u00e0 mater ton p\u00e9riple \u00e0 travers les pays, confortable dans leur canap\u00e9 alors que demain &hellip; <\/p>\n<p class=\"link-more\"><a href=\"https:\/\/howoui-planet.fr\/?page_id=9\" class=\"more-link\">Continuer la lecture<span class=\"screen-reader-text\"> de &laquo;&nbsp;\u00c0 propos de&nbsp;&raquo;<\/span><\/a><\/p>\n","protected":false},"author":1,"featured_media":0,"parent":0,"menu_order":0,"comment_status":"closed","ping_status":"closed","template":"","meta":{"spay_email":"","footnotes":""},"class_list":["post-9","page","type-page","status-publish","hentry"],"_links":{"self":[{"href":"https:\/\/howoui-planet.fr\/index.php?rest_route=\/wp\/v2\/pages\/9","targetHints":{"allow":["GET"]}}],"collection":[{"href":"https:\/\/howoui-planet.fr\/index.php?rest_route=\/wp\/v2\/pages"}],"about":[{"href":"https:\/\/howoui-planet.fr\/index.php?rest_route=\/wp\/v2\/types\/page"}],"author":[{"embeddable":true,"href":"https:\/\/howoui-planet.fr\/index.php?rest_route=\/wp\/v2\/users\/1"}],"replies":[{"embeddable":true,"href":"https:\/\/howoui-planet.fr\/index.php?rest_route=%2Fwp%2Fv2%2Fcomments&post=9"}],"version-history":[{"count":4,"href":"https:\/\/howoui-planet.fr\/index.php?rest_route=\/wp\/v2\/pages\/9\/revisions"}],"predecessor-version":[{"id":72,"href":"https:\/\/howoui-planet.fr\/index.php?rest_route=\/wp\/v2\/pages\/9\/revisions\/72"}],"wp:attachment":[{"href":"https:\/\/howoui-planet.fr\/index.php?rest_route=%2Fwp%2Fv2%2Fmedia&parent=9"}],"curies":[{"name":"wp","href":"https:\/\/api.w.org\/{rel}","templated":true}]}}